{"id":4316,"date":"2023-02-23T20:49:10","date_gmt":"2023-02-23T20:49:10","guid":{"rendered":"https:\/\/yugenestilo.com\/?page_id=4316"},"modified":"2023-02-23T20:49:11","modified_gmt":"2023-02-23T20:49:11","slug":"politica-de-garantias-2","status":"publish","type":"page","link":"https:\/\/yugenestilo.com\/index.php\/politica-de-garantias-2\/","title":{"rendered":"POL\u00cdTICA DE GARANT\u00cdAS"},"content":{"rendered":"\n<p><strong>\u00bfHay condiciones para poder clasificar entre diferentes tipos de joyas que contienen Oro?<\/strong><\/p>\n\n\n\n<p>La respuesta por supuesto es s\u00ed!. Una joya en oro laminado como m\u00ednimo debe llevar 3 capas de oro hasta un m\u00e1ximo de 8. Las l\u00e1minas&nbsp; (capas) de oro son superiores en grosor a una capa de enchape y\/o ba\u00f1o de oro.<\/p>\n\n\n\n<p>La cantidad de oro que lleva la joya ser\u00e1 en una medida del 2% hasta incluso del 16% aproximadamente al total del peso de la joya. Las l\u00e1minas llegan a ser hasta 100 veces m\u00e1s gruesas que el enchape o el ba\u00f1o de oro (en micras).<\/p>\n\n\n\n<p>A diferencia del Oro laminado, el enchapado de oro usualmente es una capa o si al caso 2, dando as\u00ed una superficie d\u00e9bil en muchos sentidos.<\/p>\n\n\n\n<p>El ba\u00f1o de oro es una de las Joyas m\u00e1s populares actualmente por su amplio cat\u00e1logo de referencias, precio y facilidad de compra, ya que incluso se comercializan a trav\u00e9s de marcas de cat\u00e1logo, tales como revistas de moda y accesorios. Esta t\u00e9cnica se basa en una inmersi\u00f3n que se le hacen a la joya del metal precioso. Sin embargo, los ba\u00f1os de oro llevan menos micras, incluso con respecto al chapado, pueden ser 0,1- 0,2 -0,3 -\u20261 micras, lo que hace que su capa de oro sea m\u00e1s vulnerable y dure menos tiempo.<\/p>\n\n\n\n<p>Es importante mencionar que una joya de cualquier tipo correctamente fabricada y que contenga Oro en su superficie, ser\u00e1 muy dif\u00edcil determinar que t\u00e9cnica es empleada. Es muy dif\u00edcil diferenciar entre una joya de oro 18k laminado y de oro 18k, a menos que la persona conozca los fabricantes siendo parte del gremio.<\/p>\n\n\n\n<p><strong>\u00bfCu\u00e1l es la vida \u00fatil de una joya en oro laminado 18k?, \u00bfSe desgasta?, \u00bfCambia de color?, etc\u2026<\/strong><\/p>\n\n\n\n<p>Es importante partir teniendo en cuenta que todo depender\u00e1 del uso que el cliente le propine a la joya. Si revisaste en detalle la informaci\u00f3n sobre las caracter\u00edsticas que definen una joya de Oro laminado, su composici\u00f3n, estructura, sabemos que este tipo de joyas no durar\u00e1n para la toda la vida.<\/p>\n\n\n\n<p>Las joyas en oro laminado, independientemente del quilate, grosor o material de base, debe cumplir con ciertas condiciones o consideraciones para que su vida \u00fatil sea larga. Una de ellas es la fricci\u00f3n con las superficies \u00e1speras, esto hace que se deteriore r\u00e1pidamente la superficie de la joya. Por ende, si nuestra joya en la mu\u00f1eca est\u00e1 en un uso cotidiano poco favorecedor para la superficie de la misma, como por ejemplo, la fricci\u00f3n con la superficie de nuestro escritorio de trabajo, ser\u00e1 com\u00fan que se presente este deterioro en las capas de oro de la joya dejando al descubierto la base de la joya y cambie su apariencia visual.<\/p>\n\n\n\n<p><strong>\u00bfPor qu\u00e9 cambia de color una joya de oro laminado 18k?<\/strong><\/p>\n\n\n\n<p>Este es un proceso muy com\u00fan en este tipo de joyas y puede generarse por diferentes fen\u00f3menos o procesos.<\/p>\n\n\n\n<p>Uno de los fen\u00f3menos que puede causar el cambio de color es el PH de la piel.<\/p>\n\n\n\n<p>El pH juega un papel muy importante en nuestro cuerpo humano, ya que cumple es una de las barreras protectoras que tiene nuestro cuerpo. Siendo indispensable y cambiante al momento de defender al cuerpo de los agentes externos como la contaminaci\u00f3n microbiana y fisicoqu\u00edmica, es decir, la presencia de bacterias, hongos, levaduras, cambios de temperatura y contacto con qu\u00edmicos abrasivos.<\/p>\n\n\n\n<p>Un ejemplo de un elemento abrasivo ser\u00eda el MERCURIO en los productos cosm\u00e9ticos, usualmente los aclarantes, contienen 1 ppm (o partes por mill\u00f3n) aproximadamente en su contenido. Pero tambi\u00e9n est\u00e1 en labiales de larga duraci\u00f3n, lociones y\/o perfumes, jabones de ba\u00f1o, productos con los cuales estamos en constante contacto.<\/p>\n\n\n\n<p>Cabe mencionar que seg\u00fan se\u00f1al\u00f3 a BioBioChile la ingeniera qu\u00edmica penquista Alejandra Lozano explica que puede ponerse negra una joya (incluso siendo de oro) cuando el pH de la piel de una persona es un poco m\u00e1s \u00e1cido de lo normal (inferior a 5,6). Esto puede ser algo permanente (y normal) o ser resultado de la ingesta de alg\u00fan medicamento que altere moment\u00e1neamente el pH.<\/p>\n\n\n\n<p>Por ello y simplificando la respuesta, puede presentar cambios una joya en oro laminado teniendo presente que los cosm\u00e9ticos (con ciertos componentes antes mencionados) pueden alterar el color y al contacto con un pH acido afectara la imagen de la joya, pero solo sabremos esto cuando la joya est\u00e1 en uso.<\/p>\n\n\n\n<p>NOTA: TODA JOYA (Oro, Plata, Oro laminado) se oscurece, dependiendo de los productos que use, y pH que tengas.<\/p>\n\n\n\n<p><strong>\u00bfDura para siempre una joya en oro laminado 18k?<\/strong><\/p>\n\n\n\n<p>Aunque las joyas laminadas de oro son hermosas y bastantes ostentosas, No duran para siempre, de ser as\u00ed no habr\u00eda competencia con una joya genuina de oro\u2026 no habr\u00eda negocio tampoco.<\/p>\n\n\n\n<p><strong>\u00bfResiste la prueba para saber si es oro, por ejemplo, la prueba de \u00e1cido?<\/strong><\/p>\n\n\n\n<p>Es poco \u00fatil y la verdad, simplemente no es necesario realizar esta prueba sabiendo las caracter\u00edsticas de una joya de Oro laminado 18K. Ya que las pruebas de oro con \u00e1cido se centran en el hecho de que el oro es resistente al cambio por corrosi\u00f3n, oxidaci\u00f3n o \u00e1cido, es decir, no importa si se pierde algunas micras de Oro durante el proceso. En este caso, no se puede aplicar a una joya en oro laminado dado a que quitar\u00eda parte o completamente su superficie dejando expuesta su base, generando que la prenda pierda su calidad visual.<\/p>\n\n\n\n<p>Por ende, es necesario comprar en lugares acreditados, como YUGEN para tus joyas en oro laminado de 18K.<\/p>\n\n\n\n<p><strong>\u00bfQue resiste la joya en oro laminado?<\/strong><\/p>\n\n\n\n<p>Una joya en oro laminado debe resistir el agua de piscina, la de mar, las termales, los cosm\u00e9ticos, y el sudor, haciendo salvedad de lo comentado en la secci\u00f3n <strong>\u201c\u00bfPor qu\u00e9 cambia de color una joya de oro laminado 18k?\u201d <\/strong>y teniendo las consideraciones propias del cuidado de la joya.<\/p>\n\n\n\n<p><strong>\u00bfSe pueden empe\u00f1ar las joyas en oro lamiando 18k?<\/strong><\/p>\n\n\n\n<p>Las Joyas en oro laminado no se pueden empe\u00f1ar en \u201ccompraventas\u201d o lugares certificados de compra y venta de art\u00edculos. Estas joyas se han desarrollado y fabricado para lucirlas no para empe\u00f1ar.<\/p>\n\n\n\n<p><strong>\u00bfDa alergia una joya en oro laminado 18k?<\/strong><\/p>\n\n\n\n<p>Para las personas que son al\u00e9rgicas, en sus orejas a materiales de fantas\u00eda, un par de pendientes en oro laminado 18k, son ideales y una muy buena soluci\u00f3n, para ese tipo de alergia, pues NO causara reacci\u00f3n alguna. Sin embargo hay que mencionar, que puede crear alergia una joya no porque contenga NIQUEL, que es lo que usualmente ocurre, sino porque en su elaboraci\u00f3n, en la fabricaci\u00f3n, el proceso no fue perfecto dejando as\u00ed microporos en su superficie y hay que tener en cuenta que podemos ser al\u00e9rgicos a cualquier cosa, esto incluye la base de la joya. Si es tu caso comunicate con nosotros y realizaremos la inspecci\u00f3n y si es necesario el cambio de la joya que presente esta situaci\u00f3n.<\/p>\n\n\n\n<p><strong>\u00bfEn que radica la diferencia del quilate en una joya de Oro?<\/strong><\/p>\n\n\n\n<p>Cuando hablamos de una joya en oro 18k laminado, la descripci\u00f3n \u201c18K\u201d se refiere al quilate con el cual est\u00e1 fabricada. Actualmente existen joyas en el mercado fabricadas en oro laminado en: 10k, 12k, 14k, 18k y 24k. La gran diferencia entre los quilares es la cantidad de Oro puro que contiene la aleaci\u00f3n. El oro de 18 quilates quiere decir que de 24 partes de la aleaci\u00f3n, 18 son de oro puro, o sea que contiene un 75,01% de \u00ab oro puro \u00bb. Tambi\u00e9n se le denomina oro 750\/1000. Otro ejemplo es el otro de 10 quilates, quiere decir que de 24 partes de la aleaci\u00f3n, 10 son de oro puro, o sea que contiene un 41.6% de \u00ab oro puro \u00bb. Los quilates pueden influir adem\u00e1s en la apariencia en cuanto al color, variando entre los tonos de amarillos distintivos propios de cada quilate.<\/p>\n\n\n\n<p><strong>\u00bfPorque se ve m\u00e1s amarilla o m\u00e1s opaca?<\/strong><\/p>\n\n\n\n<p>En ocasiones encontramos la misma joya en oro laminado con incidencias en el color, esto se debe a que usualmente son lotes de producci\u00f3n distintos, en algunos casos se puede observar en joyas de oro 18k, prendas un poco m\u00e1s \u201cclaras\u201d o m\u00e1s \u201coscuras\u201d en su tono o color. En este caso se debe tener en cuenta los grabados propios de cada joya, esto a nuestro parecer y capacidad visual puede que se observe m\u00e1s claro o m\u00e1s oscuro, debido a los fen\u00f3menos de refracci\u00f3n de la luz.<\/p>\n\n\n\n<p>Es importante mencionar que esto no significa que la joya contenga menos oro del estipulado.<\/p>\n\n\n\n<p><strong>\u00bfPor qu\u00e9 se pone verde o por que parecen manchas negras?<\/strong><\/p>\n\n\n\n<p>Esta es una situaci\u00f3n que puede corresponder a una reacci\u00f3n entre la piel y los metales utilizados en algunas piezas de joyer\u00eda, especialmente cuando estas joyas tocan o est\u00e1n en contacto con \u00e1reas que transpiran de una forma frecuente o en exceso. Hay que recordar que el oro por s\u00ed solo no mancha la piel. Sin embargo, &nbsp;los otros metales que est\u00e1n contenidos en la aleaci\u00f3n (mezcla de metales) s\u00ed pueden llegar a causar este tipo de fen\u00f3menos. Algunos ejemplos de estos metales son: el cobre, lat\u00f3n, bronce y la plata, los cuales pueden ser utilizados para alterar el color del oro, hacerlo m\u00e1s fuerte, duro o flexible, as\u00ed como tambi\u00e9n m\u00e1s asequible por su valor. Cualquiera de estos metales puede causar problemas en la piel como reacciones al\u00e9rgicas o tinci\u00f3n de la piel.<\/p>\n\n\n\n<p>El cobre a menudo suele poner la piel de color verde. La pieza que se est\u00e1 usando puede que no sea de cobre puro, pero podr\u00eda tener suficiente cobre en ella para causar esta reacci\u00f3n. Algunas personas parecen tener una qu\u00edmica corporal muy especial lo que es propenso para que aparezcan las manchas, incluso cuando est\u00e1 presente una peque\u00f1a cantidad de este metal. El cobre se vuelve verde, cuando se oxida, y este es el color que pigmenta a la piel. No obstante, estas manchas no son permanentes, pues se van con el lavado con agua y jab\u00f3n de rutina, adem\u00e1s, no son nocivas para la salud.<\/p>\n\n\n\n<p>NOTA: Es importante tener en cuenta que estos imperfectos \u00fanicamente son visibles al uso y contacto con la piel.<\/p>\n\n\n\n<p><strong>\u00bfQu\u00e9 cuidados debo tener con las joyas en oro laminado 18k?<\/strong><\/p>\n\n\n\n<ul>\n<li>Tener en consideraci\u00f3n que SON JOYAS DE LUJO Y COMO LUJO HAY QUE TRATARLAS.<\/li>\n\n\n\n<li>Se recomienda que las joyas en oro laminado se deban poner despu\u00e9s de los cosm\u00e9ticos a utilizar.<\/li>\n\n\n\n<li>Se recomienda usar preferiblemente la joya en situaciones que no sean de trabajo duro, ni de deportes.<\/li>\n\n\n\n<li>Se sugiere enjuagar la joya con abundante agua dulce, despu\u00e9s de la piscina, el mar o al finalizar el d\u00eda, esto retirara los excesos de contaminantes o elementos no deseados de la joya.<\/li>\n\n\n\n<li>Tratar las joyas con el cuidado propio de ellas.<\/li>\n\n\n\n<li>Conservarlas individualmente, (especialmente alejarlas de los accesorios que tengan piedras, ya que puede arruinar su superficie).<\/li>\n\n\n\n<li>Lavarlas con cierta frecuencia (se sugiere cada 15 d\u00edas), con jab\u00f3n y posteriormente recuperar su brillo con el pa\u00f1o lustrador.<\/li>\n<\/ul>\n\n\n\n<p><strong>\u00a1Siguiendo estas recomendaciones, seguro tu joya tendr\u00e1 una vida \u00fatil larga!<\/strong><\/p>\n","protected":false},"excerpt":{"rendered":"<p>\u00bfHay condiciones para poder clasificar entre diferentes tipos de joyas que contienen Oro? La respuesta por supuesto es s\u00ed!. Una joya en oro laminado como m\u00ednimo debe llevar 3 capas de oro hasta un m\u00e1ximo de 8. Las l\u00e1minas&nbsp; (capas) de oro son superiores en grosor a una capa de enchape y\/o ba\u00f1o de oro. [&hellip;]<\/p>\n","protected":false},"author":1,"featured_media":0,"parent":0,"menu_order":0,"comment_status":"closed","ping_status":"closed","template":"","meta":{"footnotes":""},"_links":{"self":[{"href":"https:\/\/yugenestilo.com\/index.php\/wp-json\/wp\/v2\/pages\/4316"}],"collection":[{"href":"https:\/\/yugenestilo.com\/index.php\/wp-json\/wp\/v2\/pages"}],"about":[{"href":"https:\/\/yugenestilo.com\/index.php\/wp-json\/wp\/v2\/types\/page"}],"author":[{"embeddable":true,"href":"https:\/\/yugenestilo.com\/index.php\/wp-json\/wp\/v2\/users\/1"}],"replies":[{"embeddable":true,"href":"https:\/\/yugenestilo.com\/index.php\/wp-json\/wp\/v2\/comments?post=4316"}],"version-history":[{"count":1,"href":"https:\/\/yugenestilo.com\/index.php\/wp-json\/wp\/v2\/pages\/4316\/revisions"}],"predecessor-version":[{"id":4317,"href":"https:\/\/yugenestilo.com\/index.php\/wp-json\/wp\/v2\/pages\/4316\/revisions\/4317"}],"wp:attachment":[{"href":"https:\/\/yugenestilo.com\/index.php\/wp-json\/wp\/v2\/media?parent=4316"}],"curies":[{"name":"wp","href":"https:\/\/api.w.org\/{rel}","templated":true}]}}